{"id":103,"date":"2015-05-06T17:14:19","date_gmt":"2015-05-06T15:14:19","guid":{"rendered":"http:\/\/cadaujaume.fr\/?page_id=103"},"modified":"2025-01-24T20:19:50","modified_gmt":"2025-01-24T18:19:50","slug":"precisions","status":"publish","type":"page","link":"https:\/\/cadaujaume.fr\/?page_id=103","title":{"rendered":"Association &#8211; Pr\u00e9cisions"},"content":{"rendered":"<h3 style=\"text-align: center;\"><span style=\"color: #800080;\">Pr\u00e9cisions importantes sur Cadaujaume<\/span><\/h3>\n<hr \/>\n<p style=\"text-align: justify;\"><span style=\"color: #800080;\">Cadaujaume accueille tous les adh\u00e9rents avec respect pour leur dignit\u00e9, leurs besoins et leurs valeurs individuelles et quels que soient leur \u00e2ge, ethnie, religion, culture, sexe, orientation sexuelle, capacit\u00e9s physiques ou condition socio-\u00e9conomique.<\/span><\/p>\n<p style=\"text-align: center;\"><span style=\"color: #800080;\"><strong>Cadaujaume ne se substitue en aucun cas \u00e0\u00a0 la m\u00e9decine officielle.<\/strong><\/span><\/p>\n<p style=\"text-align: justify;\"><span style=\"color: #800080;\">Les conseils et les techniques enseign\u00e9es au cours des activit\u00e9s organis\u00e9es ne dispensent pas du recours m\u00e9dical ou param\u00e9dical. Les m\u00e9decines pr\u00e9ventives agissent en compl\u00e9mentarit\u00e9 d&rsquo;action avec les corporations m\u00e9dicales.<\/span><\/p>\n<p style=\"text-align: justify;\"><span style=\"color: #800080;\">Lorsque vous \u00eates sous suivi m\u00e9dical, pr\u00e9venez imp\u00e9rativement votre m\u00e9decin ou votre th\u00e9rapeute que vous d\u00e9sirez adjoindre des techniques compl\u00e9mentaires (Qi Gong\u00a0 &#8230;) \u00e0\u00a0 votre traitement en cours.<\/span><\/p>\n<p style=\"text-align: justify;\"><span style=\"color: #800080;\">Il est conseill\u00e9 selon les probl\u00e8mes sp\u00e9cifiques et uniques de chaque personne, de prendre l&rsquo;avis de personnes qualifi\u00e9es pour obtenir les renseignements les plus complets, les plus pr\u00e9cis et les plus actuels possible.<\/span><\/p>\n<p style=\"text-align: justify;\">\n","protected":false},"excerpt":{"rendered":"<p>Pr\u00e9cisions importantes sur Cadaujaume Cadaujaume accueille tous les adh\u00e9rents avec respect pour leur dignit\u00e9, leurs besoins et leurs valeurs individuelles et quels que soient leur \u00e2ge, ethnie, religion, culture, sexe, orientation sexuelle, capacit\u00e9s physiques ou condition socio-\u00e9conomique. Cadaujaume ne se substitue en aucun cas \u00e0\u00a0 la m\u00e9decine officielle. Les conseils et les techniques enseign\u00e9es au [&hellip;]<\/p>\n","protected":false},"author":1,"featured_media":0,"parent":0,"menu_order":0,"comment_status":"closed","ping_status":"closed","template":"","meta":{"footnotes":""},"class_list":["post-103","page","type-page","status-publish","hentry","post"],"_links":{"self":[{"href":"https:\/\/cadaujaume.fr\/index.php?rest_route=\/wp\/v2\/pages\/103","targetHints":{"allow":["GET"]}}],"collection":[{"href":"https:\/\/cadaujaume.fr\/index.php?rest_route=\/wp\/v2\/pages"}],"about":[{"href":"https:\/\/cadaujaume.fr\/index.php?rest_route=\/wp\/v2\/types\/page"}],"author":[{"embeddable":true,"href":"https:\/\/cadaujaume.fr\/index.php?rest_route=\/wp\/v2\/users\/1"}],"replies":[{"embeddable":true,"href":"https:\/\/cadaujaume.fr\/index.php?rest_route=%2Fwp%2Fv2%2Fcomments&post=103"}],"version-history":[{"count":14,"href":"https:\/\/cadaujaume.fr\/index.php?rest_route=\/wp\/v2\/pages\/103\/revisions"}],"predecessor-version":[{"id":1140,"href":"https:\/\/cadaujaume.fr\/index.php?rest_route=\/wp\/v2\/pages\/103\/revisions\/1140"}],"wp:attachment":[{"href":"https:\/\/cadaujaume.fr\/index.php?rest_route=%2Fwp%2Fv2%2Fmedia&parent=103"}],"curies":[{"name":"wp","href":"https:\/\/api.w.org\/{rel}","templated":true}]}}