{"id":15,"date":"2015-05-04T13:40:12","date_gmt":"2015-05-04T12:40:12","guid":{"rendered":"http:\/\/cadaujaume.fr\/?page_id=15"},"modified":"2025-06-24T16:34:27","modified_gmt":"2025-06-24T14:34:27","slug":"contact","status":"publish","type":"page","link":"https:\/\/cadaujaume.fr\/?page_id=15","title":{"rendered":"Contact"},"content":{"rendered":"<h3>Contact<\/h3>\n<h4>Nous \u00e9crire :<\/h4>\n<p>Association Cadaujaume<br \/>\nH\u00f4tel de Ville<br \/>\n3 place de l&rsquo;Eglise<br \/>\n33140 Cadaujac<\/p>\n<h4>Nous envoyer un mail :<\/h4>\n<p style=\"text-align: center;\">\n<div class=\"wpcf7 no-js\" id=\"wpcf7-f26-o1\" lang=\"fr-FR\" dir=\"ltr\" data-wpcf7-id=\"26\">\n<div class=\"screen-reader-response\"><p role=\"status\" aria-live=\"polite\" aria-atomic=\"true\"><\/p> <ul><\/ul><\/div>\n<form action=\"\/index.php?rest_route=%2Fwp%2Fv2%2Fpages%2F15#wpcf7-f26-o1\" method=\"post\" class=\"wpcf7-form init\" aria-label=\"Formulaire de contact\" novalidate=\"novalidate\" data-status=\"init\">\n<div style=\"display: none;\">\n<input type=\"hidden\" name=\"_wpcf7\" value=\"26\" \/>\n<input type=\"hidden\" name=\"_wpcf7_version\" value=\"6.0.6\" \/>\n<input type=\"hidden\" name=\"_wpcf7_locale\" value=\"fr_FR\" \/>\n<input type=\"hidden\" name=\"_wpcf7_unit_tag\" value=\"wpcf7-f26-o1\" \/>\n<input type=\"hidden\" name=\"_wpcf7_container_post\" value=\"0\" \/>\n<input type=\"hidden\" name=\"_wpcf7_posted_data_hash\" value=\"\" \/>\n<\/div>\n<p>Votre nom (obligatoire)\n<\/p>\n<p><span class=\"wpcf7-form-control-wrap\" data-name=\"your-name\"><input size=\"40\" maxlength=\"400\" class=\"wpcf7-form-control wpcf7-text wpcf7-validates-as-required\" aria-required=\"true\" aria-invalid=\"false\" value=\"\" type=\"text\" name=\"your-name\" \/><\/span>\n<\/p>\n<p>Votre email (obligatoire)\n<\/p>\n<p><span class=\"wpcf7-form-control-wrap\" data-name=\"your-email\"><input size=\"40\" maxlength=\"400\" class=\"wpcf7-form-control wpcf7-email wpcf7-validates-as-required wpcf7-text wpcf7-validates-as-email\" aria-required=\"true\" aria-invalid=\"false\" value=\"\" type=\"email\" name=\"your-email\" \/><\/span>\n<\/p>\n<p>Sujet\n<\/p>\n<p><span class=\"wpcf7-form-control-wrap\" data-name=\"your-subject\"><input size=\"40\" maxlength=\"400\" class=\"wpcf7-form-control wpcf7-text wpcf7-validates-as-required\" aria-required=\"true\" aria-invalid=\"false\" value=\"\" type=\"text\" name=\"your-subject\" \/><\/span>\n<\/p>\n<p>Votre message\n<\/p>\n<p><span class=\"wpcf7-form-control-wrap\" data-name=\"your-message\"><textarea cols=\"40\" rows=\"10\" maxlength=\"2000\" class=\"wpcf7-form-control wpcf7-textarea wpcf7-validates-as-required\" aria-required=\"true\" aria-invalid=\"false\" name=\"your-message\"><\/textarea><\/span>\n<\/p>\n<p><input class=\"wpcf7-form-control wpcf7-submit has-spinner\" type=\"submit\" value=\"Envoyer\" \/>\n<\/p><div class=\"wpcf7-response-output\" aria-hidden=\"true\"><\/div>\n<\/form>\n<\/div>\n<\/p>\n<p style=\"text-align: center;\"><strong>Nous r\u00e9pondons toujours \u00e0\u00a0 tous les mails !<\/strong><\/p>\n<h6 style=\"text-align: justify;\">Les informations recueillies par le biais de notre formulaire n&rsquo;ont d&rsquo;autre but que de renseigner et de pouvoir r\u00e9pondre aux interrogations des internautes. Aucune information personnelle n&rsquo;est c\u00e9d\u00e9e \u00e0\u00a0 des tiers. Conform\u00e9ment \u00e0 la loi \u00ab informatique et libert\u00e9 \u00bb du 6 janvier 1978, les internautes b\u00e9n\u00e9ficient d&rsquo;un droit d&rsquo;acc\u00e8s et de rectification aux informations qui les concernent. Si vous souhaitez exercer ce droit et obtenir communication ou suppression des informations vous concernant, veuillez nous contacter.<\/h6>\n","protected":false},"excerpt":{"rendered":"<p>Contact Nous \u00e9crire : Association Cadaujaume H\u00f4tel de Ville 3 place de l&rsquo;Eglise 33140 Cadaujac Nous envoyer un mail : Nous r\u00e9pondons toujours \u00e0\u00a0 tous les mails ! Les informations recueillies par le biais de notre formulaire n&rsquo;ont d&rsquo;autre but que de renseigner et de pouvoir r\u00e9pondre aux interrogations des internautes. Aucune information personnelle n&rsquo;est [&hellip;]<\/p>\n","protected":false},"author":1,"featured_media":0,"parent":0,"menu_order":0,"comment_status":"closed","ping_status":"closed","template":"","meta":{"footnotes":""},"class_list":["post-15","page","type-page","status-publish","hentry","post"],"_links":{"self":[{"href":"https:\/\/cadaujaume.fr\/index.php?rest_route=\/wp\/v2\/pages\/15","targetHints":{"allow":["GET"]}}],"collection":[{"href":"https:\/\/cadaujaume.fr\/index.php?rest_route=\/wp\/v2\/pages"}],"about":[{"href":"https:\/\/cadaujaume.fr\/index.php?rest_route=\/wp\/v2\/types\/page"}],"author":[{"embeddable":true,"href":"https:\/\/cadaujaume.fr\/index.php?rest_route=\/wp\/v2\/users\/1"}],"replies":[{"embeddable":true,"href":"https:\/\/cadaujaume.fr\/index.php?rest_route=%2Fwp%2Fv2%2Fcomments&post=15"}],"version-history":[{"count":22,"href":"https:\/\/cadaujaume.fr\/index.php?rest_route=\/wp\/v2\/pages\/15\/revisions"}],"predecessor-version":[{"id":1180,"href":"https:\/\/cadaujaume.fr\/index.php?rest_route=\/wp\/v2\/pages\/15\/revisions\/1180"}],"wp:attachment":[{"href":"https:\/\/cadaujaume.fr\/index.php?rest_route=%2Fwp%2Fv2%2Fmedia&parent=15"}],"curies":[{"name":"wp","href":"https:\/\/api.w.org\/{rel}","templated":true}]}}