{"id":737,"date":"2018-09-04T15:43:32","date_gmt":"2018-09-04T13:43:32","guid":{"rendered":"http:\/\/cadaujaume.fr\/?page_id=737"},"modified":"2025-01-25T01:44:20","modified_gmt":"2025-01-24T23:44:20","slug":"les-enseignantes","status":"publish","type":"page","link":"https:\/\/cadaujaume.fr\/?page_id=737","title":{"rendered":"Qi Gong &#8211; L&rsquo;enseignante"},"content":{"rendered":"<h3>Elisabeth BRIGUET-LAMARRE<\/h3>\n<p>Le Qi Gong m&rsquo;a invit\u00e9e dans sa danse depuis plus de 20 ans, par l&rsquo;\u00e9coute subtile du corps, par des mouvements emprunts de po\u00e9sie, de calme et de nature.<\/p>\n<p>Par des m\u00e9thodes statiques ou dynamiques, je vous conduirai progressivement vers une plus grande conscience et connaissance intime de vous-m\u00eame.<\/p>\n<p>Le but : retrouver ou am\u00e9liorer ses capacit\u00e9s d&rsquo;attention, de souffle, de coordination d&rsquo;\u00e9quilibre du corps et de ses \u00e9motions, et d\u00e9couvrir \u00ab l&rsquo;\u00eatre bien avec soi \u00bb.<\/p>\n","protected":false},"excerpt":{"rendered":"<p>Elisabeth BRIGUET-LAMARRE Le Qi Gong m&rsquo;a invit\u00e9e dans sa danse depuis plus de 20 ans, par l&rsquo;\u00e9coute subtile du corps, par des mouvements emprunts de po\u00e9sie, de calme et de nature. Par des m\u00e9thodes statiques ou dynamiques, je vous conduirai progressivement vers une plus grande conscience et connaissance intime de vous-m\u00eame. Le but : retrouver [&hellip;]<\/p>\n","protected":false},"author":1,"featured_media":0,"parent":0,"menu_order":0,"comment_status":"closed","ping_status":"closed","template":"","meta":{"footnotes":""},"class_list":["post-737","page","type-page","status-publish","hentry","post"],"_links":{"self":[{"href":"https:\/\/cadaujaume.fr\/index.php?rest_route=\/wp\/v2\/pages\/737","targetHints":{"allow":["GET"]}}],"collection":[{"href":"https:\/\/cadaujaume.fr\/index.php?rest_route=\/wp\/v2\/pages"}],"about":[{"href":"https:\/\/cadaujaume.fr\/index.php?rest_route=\/wp\/v2\/types\/page"}],"author":[{"embeddable":true,"href":"https:\/\/cadaujaume.fr\/index.php?rest_route=\/wp\/v2\/users\/1"}],"replies":[{"embeddable":true,"href":"https:\/\/cadaujaume.fr\/index.php?rest_route=%2Fwp%2Fv2%2Fcomments&post=737"}],"version-history":[{"count":3,"href":"https:\/\/cadaujaume.fr\/index.php?rest_route=\/wp\/v2\/pages\/737\/revisions"}],"predecessor-version":[{"id":1158,"href":"https:\/\/cadaujaume.fr\/index.php?rest_route=\/wp\/v2\/pages\/737\/revisions\/1158"}],"wp:attachment":[{"href":"https:\/\/cadaujaume.fr\/index.php?rest_route=%2Fwp%2Fv2%2Fmedia&parent=737"}],"curies":[{"name":"wp","href":"https:\/\/api.w.org\/{rel}","templated":true}]}}