{"id":744,"date":"2018-09-04T15:59:33","date_gmt":"2018-09-04T13:59:33","guid":{"rendered":"http:\/\/cadaujaume.fr\/?page_id=744"},"modified":"2025-07-03T19:21:39","modified_gmt":"2025-07-03T17:21:39","slug":"inscription","status":"publish","type":"page","link":"https:\/\/cadaujaume.fr\/?page_id=744","title":{"rendered":"Qi Gong &#8211; Inscription"},"content":{"rendered":"<h2 style=\"text-align: justify;\"><span style=\"color: #800080;\">Pour vous inscrire aux cours hebdomadaires de Qi Gong :<\/span><\/h2>\n<ul>\n<li style=\"text-align: justify;\">\n<p><span style=\"color: #800080;\">Compl\u00e9tez le bulletin d&rsquo;inscription t\u00e9l\u00e9chargeable <a href=\"https:\/\/cadaujaume.fr\/wp-content\/uploads\/2025\/07\/Fiche-dinscription-2025-2026.pdf\"><strong>ici<\/strong><\/a><\/span><\/p>\n<\/li>\n<li style=\"text-align: justify;\">\n<p><span style=\"color: #800080;\">Prenez connaissance du r\u00e8glement int\u00e9rieur t\u00e9l\u00e9chargeable <span style=\"color: #0000ff;\"><strong><a style=\"color: #0000ff;\" href=\"https:\/\/cadaujaume.fr\/wp-content\/uploads\/2022\/08\/RI.pdf\">ici<\/a><\/strong><\/span><\/span><\/p>\n<ul>\n<li style=\"text-align: justify;\">\n<p><span style=\"color: #800080;\">\u00c9tablissez les ch\u00e8ques (adh\u00e9sion et paiement des cours) comme indiqu\u00e9 sur le bulletin.<\/span><\/p>\n<\/li>\n<\/ul>\n<\/li>\n<\/ul>\n<p><span style=\"color: #800080;\">Et envoyez le tout (fiche d&rsquo;inscription, r\u00e8glement int\u00e9rieur, certificat m\u00e9dical et paiement) \u00e0\u00a0 l&rsquo;adresse suivante :<\/span><\/p>\n<p style=\"text-align: center;\"><span style=\"color: #800080;\"><strong>Association CADAUJAUME<\/strong><\/span><br \/><span style=\"color: #800080;\"><strong> H\u00f4tel de Ville<\/strong><\/span><br \/><span style=\"color: #800080;\"><strong> 3, place de l&rsquo;\u00e9glise<\/strong><\/span><br \/><span style=\"color: #800080;\"><strong> 33140 CADAUJAC<\/strong><\/span><\/p>\n<p><span style=\"color: #800080;\">IMPORTANT : Le certificat m\u00e9dical de non contre-indication \u00e0\u00a0 la pratique du Qi Gong est obligatoire<\/span><\/p>\n\n\n<p><\/p>\n","protected":false},"excerpt":{"rendered":"<p>Pour vous inscrire aux cours hebdomadaires de Qi Gong : Compl\u00e9tez le bulletin d&rsquo;inscription t\u00e9l\u00e9chargeable ici Prenez connaissance du r\u00e8glement int\u00e9rieur t\u00e9l\u00e9chargeable ici \u00c9tablissez les ch\u00e8ques (adh\u00e9sion et paiement des cours) comme indiqu\u00e9 sur le bulletin. Et envoyez le tout (fiche d&rsquo;inscription, r\u00e8glement int\u00e9rieur, certificat m\u00e9dical et paiement) \u00e0\u00a0 l&rsquo;adresse suivante : Association CADAUJAUME H\u00f4tel [&hellip;]<\/p>\n","protected":false},"author":1,"featured_media":0,"parent":0,"menu_order":0,"comment_status":"closed","ping_status":"closed","template":"","meta":{"footnotes":""},"class_list":["post-744","page","type-page","status-publish","hentry","post"],"_links":{"self":[{"href":"https:\/\/cadaujaume.fr\/index.php?rest_route=\/wp\/v2\/pages\/744","targetHints":{"allow":["GET"]}}],"collection":[{"href":"https:\/\/cadaujaume.fr\/index.php?rest_route=\/wp\/v2\/pages"}],"about":[{"href":"https:\/\/cadaujaume.fr\/index.php?rest_route=\/wp\/v2\/types\/page"}],"author":[{"embeddable":true,"href":"https:\/\/cadaujaume.fr\/index.php?rest_route=\/wp\/v2\/users\/1"}],"replies":[{"embeddable":true,"href":"https:\/\/cadaujaume.fr\/index.php?rest_route=%2Fwp%2Fv2%2Fcomments&post=744"}],"version-history":[{"count":42,"href":"https:\/\/cadaujaume.fr\/index.php?rest_route=\/wp\/v2\/pages\/744\/revisions"}],"predecessor-version":[{"id":1207,"href":"https:\/\/cadaujaume.fr\/index.php?rest_route=\/wp\/v2\/pages\/744\/revisions\/1207"}],"wp:attachment":[{"href":"https:\/\/cadaujaume.fr\/index.php?rest_route=%2Fwp%2Fv2%2Fmedia&parent=744"}],"curies":[{"name":"wp","href":"https:\/\/api.w.org\/{rel}","templated":true}]}}