{"id":91,"date":"2015-05-06T14:42:09","date_gmt":"2015-05-06T12:42:09","guid":{"rendered":"http:\/\/cadaujaume.fr\/?page_id=91"},"modified":"2025-06-24T16:24:49","modified_gmt":"2025-06-24T14:24:49","slug":"page-daccueil","status":"publish","type":"page","link":"https:\/\/cadaujaume.fr\/","title":{"rendered":"Accueil"},"content":{"rendered":"<h2 class=\"p1\" style=\"text-align: center;\"><span style=\"color: #42a62a;\"><strong>Nous vous souhaitons la bienvenue sur notre site internet<\/strong><\/span><\/h2>\n<hr \/>\n<p class=\"p1\" style=\"text-align: justify;\"><span style=\"color: #800080;\"><strong>CADAUJAUME <\/strong>est une association r\u00e9gie par la loi du 1er juillet 1901 et le d\u00e9cret du 16 ao\u00fbt 1901, cr\u00e9\u00e9e en avril 2010 \u00e0\u00a0 Cadaujac.<\/span><\/p>\n<p style=\"text-align: justify;\"><span style=\"color: #800080;\">Celle-ci a pour but de promouvoir le bien-\u00eatre au quotidien en proposant <\/span><span style=\"color: #800080; font-size: revert;\">des cours de Qi Gong.<\/span><\/p>\n<p class=\"p1\" style=\"text-align: justify;\"><span style=\"color: #800080;\">L&rsquo;association dont le si\u00e8ge social est situ\u00e9 \u00e0\u00a0 Cadaujac (33140) est d\u00e9clar\u00e9e \u00e0\u00a0 la Pr\u00e9fecture de la Gironde sous le n\u00b0W332010358.<\/span><\/p>\n<p class=\"p1\" style=\"text-align: justify;\"><span style=\"color: #800080;\">Cette association est g\u00e9r\u00e9e par un bureau constitu\u00e9 d&rsquo;une pr\u00e9sidente, d&rsquo;une tr\u00e9sori\u00e8re et d&rsquo;une secr\u00e9taire.<\/span><\/p>\n<p class=\"p1\" style=\"text-align: left;\"><span style=\"color: #800080;\">Excellente visite et \u00e0\u00a0 tr\u00e8s bient\u00f4t.<\/span><\/p>\n<p class=\"p1\" style=\"text-align: left; color: red;\">\n","protected":false},"excerpt":{"rendered":"<p>Nous vous souhaitons la bienvenue sur notre site internet CADAUJAUME est une association r\u00e9gie par la loi du 1er juillet 1901 et le d\u00e9cret du 16 ao\u00fbt 1901, cr\u00e9\u00e9e en avril 2010 \u00e0\u00a0 Cadaujac. Celle-ci a pour but de promouvoir le bien-\u00eatre au quotidien en proposant des cours de Qi Gong. L&rsquo;association dont le si\u00e8ge [&hellip;]<\/p>\n","protected":false},"author":1,"featured_media":0,"parent":0,"menu_order":0,"comment_status":"closed","ping_status":"closed","template":"","meta":{"footnotes":""},"class_list":["post-91","page","type-page","status-publish","hentry","post"],"_links":{"self":[{"href":"https:\/\/cadaujaume.fr\/index.php?rest_route=\/wp\/v2\/pages\/91","targetHints":{"allow":["GET"]}}],"collection":[{"href":"https:\/\/cadaujaume.fr\/index.php?rest_route=\/wp\/v2\/pages"}],"about":[{"href":"https:\/\/cadaujaume.fr\/index.php?rest_route=\/wp\/v2\/types\/page"}],"author":[{"embeddable":true,"href":"https:\/\/cadaujaume.fr\/index.php?rest_route=\/wp\/v2\/users\/1"}],"replies":[{"embeddable":true,"href":"https:\/\/cadaujaume.fr\/index.php?rest_route=%2Fwp%2Fv2%2Fcomments&post=91"}],"version-history":[{"count":61,"href":"https:\/\/cadaujaume.fr\/index.php?rest_route=\/wp\/v2\/pages\/91\/revisions"}],"predecessor-version":[{"id":1177,"href":"https:\/\/cadaujaume.fr\/index.php?rest_route=\/wp\/v2\/pages\/91\/revisions\/1177"}],"wp:attachment":[{"href":"https:\/\/cadaujaume.fr\/index.php?rest_route=%2Fwp%2Fv2%2Fmedia&parent=91"}],"curies":[{"name":"wp","href":"https:\/\/api.w.org\/{rel}","templated":true}]}}